{"id":39,"date":"2018-09-04T06:55:13","date_gmt":"2018-09-04T06:55:13","guid":{"rendered":"https:\/\/demo.codevibrant.com\/wisdom-journal\/?page_id=39"},"modified":"2019-11-18T10:36:25","modified_gmt":"2019-11-18T10:36:25","slug":"about","status":"publish","type":"page","link":"https:\/\/demo.codevibrant.com\/child-theme\/wisdom-journal\/about\/","title":{"rendered":"About"},"content":{"rendered":"<p><img loading=\"lazy\" decoding=\"async\" class=\"alignnone size-full wp-image-9\" src=\"https:\/\/demo.codevibrant.com\/child-theme\/wisdom-journal\/wp-content\/uploads\/sites\/6\/2018\/09\/boy.jpg\" alt=\"\" width=\"1200\" height=\"600\" srcset=\"https:\/\/demo.codevibrant.com\/child-theme\/wisdom-journal\/wp-content\/uploads\/sites\/6\/2018\/09\/boy.jpg 1200w, https:\/\/demo.codevibrant.com\/child-theme\/wisdom-journal\/wp-content\/uploads\/sites\/6\/2018\/09\/boy-300x150.jpg 300w, https:\/\/demo.codevibrant.com\/child-theme\/wisdom-journal\/wp-content\/uploads\/sites\/6\/2018\/09\/boy-1024x512.jpg 1024w, https:\/\/demo.codevibrant.com\/child-theme\/wisdom-journal\/wp-content\/uploads\/sites\/6\/2018\/09\/boy-768x384.jpg 768w, https:\/\/demo.codevibrant.com\/child-theme\/wisdom-journal\/wp-content\/uploads\/sites\/6\/2018\/09\/boy-600x300.jpg 600w\" sizes=\"auto, (max-width: 1200px) 100vw, 1200px\" \/><\/p>\n<p class=\"paragraph ng-attr-widget\"><span class=\"ng-directive ng-binding\">Cupcake ipsum dolor sit amet. Caramels biscuit halvah lollipop carrot cake I love wafer. Wafer tart pudding drag\u00e9e sweet icing chupa chups toffee I love. Chocolate bar sweet roll sugar plum souffl\u00e9 cookie. Lollipop I love marshmallow pie cake jelly souffl\u00e9 cotton candy fruitcake. Jelly-o muffin lollipop halvah I love. Cheesecake topping pastry biscuit cupcake jelly-o apple pie tootsie roll. Ice cream jelly-o bonbon bonbon oat cake chocolate candy canes cookie. Powder cake sweet roll icing. Apple pie cotton candy gummies.<\/span><\/p>\n<p class=\"paragraph ng-attr-widget\"><span class=\"ng-directive ng-binding\">Biscuit gummi bears souffl\u00e9 candy chocolate bar apple pie chocolate cake halvah. Jelly-o souffl\u00e9 cookie. Cotton candy topping biscuit ice cream gummies. Halvah pie sugar plum oat cake I love marzipan carrot cake chocolate. Danish lemon drops sesame snaps sugar plum chocolate bear claw bonbon. Oat cake gingerbread jelly dessert sesame snaps jujubes I love. Jelly candy sweet roll cake cookie. Danish gummi bears biscuit danish caramels. Oat cake toffee tiramisu liquorice gingerbread cheesecake liquorice sweet roll tiramisu.<\/span><\/p>\n<p class=\"paragraph ng-attr-widget\"><span class=\"ng-directive ng-binding\">Oat cake gummies cupcake topping jelly-o danish sweet gingerbread. Chocolate wafer bear claw I love ice cream carrot cake cookie cake I love. Icing muffin tart caramels cupcake I love brownie. Carrot cake I love chocolate cake. Apple pie sugar plum marzipan caramels tiramisu. Marzipan croissant fruitcake I love I love tootsie roll I love. Souffl\u00e9 drag\u00e9e pastry marzipan halvah cupcake toffee halvah candy canes.<\/span><\/p>\n<p class=\"paragraph ng-attr-widget\"><span class=\"ng-directive ng-binding\">Wafer ice cream toffee. Cookie chocolate I love sugar plum biscuit cake. Marzipan I love cheesecake ice cream chocolate bar. I love I love biscuit sweet ice cream. Drag\u00e9e jelly-o fruitcake. I love gummies topping chocolate bar. Brownie jelly-o croissant. I love carrot cake marzipan gingerbread danish I love. Apple pie drag\u00e9e drag\u00e9e wafer bear claw cookie.<\/span><\/p>\n<p class=\"paragraph ng-attr-widget\"><span class=\"ng-directive ng-binding\">I love bear claw candy canes cupcake pastry lollipop lemon drops sweet. I love jujubes I love toffee pudding I love. I love cake pastry apple pie caramels cookie sesame snaps. Tiramisu I love jujubes sesame snaps tiramisu pastry brownie. Powder gummi bears chocolate gummies ice cream. Tart jelly-o candy sweet chocolate cake.<\/span><\/p>\n","protected":false},"excerpt":{"rendered":"<p>Cupcake ipsum dolor sit amet. Caramels biscuit halvah lollipop carrot cake I love wafer. Wafer tart pudding drag\u00e9e sweet icing chupa chups toffee I love. Chocolate bar sweet roll sugar plum souffl\u00e9 cookie. Lollipop I love marshmallow pie cake jelly souffl\u00e9 cotton candy fruitcake. Jelly-o muffin lollipop halvah I love. Cheesecake topping pastry biscuit cupcake [&hellip;]<\/p>\n","protected":false},"author":1,"featured_media":0,"parent":0,"menu_order":0,"comment_status":"closed","ping_status":"closed","template":"","meta":{"footnotes":""},"class_list":["post-39","page","type-page","status-publish","hentry"],"_links":{"self":[{"href":"https:\/\/demo.codevibrant.com\/child-theme\/wisdom-journal\/wp-json\/wp\/v2\/pages\/39","targetHints":{"allow":["GET"]}}],"collection":[{"href":"https:\/\/demo.codevibrant.com\/child-theme\/wisdom-journal\/wp-json\/wp\/v2\/pages"}],"about":[{"href":"https:\/\/demo.codevibrant.com\/child-theme\/wisdom-journal\/wp-json\/wp\/v2\/types\/page"}],"author":[{"embeddable":true,"href":"https:\/\/demo.codevibrant.com\/child-theme\/wisdom-journal\/wp-json\/wp\/v2\/users\/1"}],"replies":[{"embeddable":true,"href":"https:\/\/demo.codevibrant.com\/child-theme\/wisdom-journal\/wp-json\/wp\/v2\/comments?post=39"}],"version-history":[{"count":1,"href":"https:\/\/demo.codevibrant.com\/child-theme\/wisdom-journal\/wp-json\/wp\/v2\/pages\/39\/revisions"}],"predecessor-version":[{"id":61,"href":"https:\/\/demo.codevibrant.com\/child-theme\/wisdom-journal\/wp-json\/wp\/v2\/pages\/39\/revisions\/61"}],"wp:attachment":[{"href":"https:\/\/demo.codevibrant.com\/child-theme\/wisdom-journal\/wp-json\/wp\/v2\/media?parent=39"}],"curies":[{"name":"wp","href":"https:\/\/api.w.org\/{rel}","templated":true}]}}